{"id":11,"date":"2024-02-04T22:08:29","date_gmt":"2024-02-04T21:08:29","guid":{"rendered":"http:\/\/bokaycreations.fr\/?page_id=11"},"modified":"2026-02-03T18:00:15","modified_gmt":"2026-02-03T17:00:15","slug":"a-propos-de","status":"publish","type":"page","link":"https:\/\/bokaycreations.fr\/index.php\/a-propos-de\/","title":{"rendered":"\u00c0 propos de"},"content":{"rendered":"\n<p class=\"has-text-align-left\"><\/p>\n\n\n\n<div class=\"wp-block-group alignfull has-global-padding is-content-justification-center is-layout-constrained wp-container-core-group-is-layout-df757ecc wp-block-group-is-layout-constrained\" style=\"margin-top:0;margin-bottom:0;padding-top:calc( 0.5 * var(--wp--style--root--padding-right, var(--wp--custom--gap--horizontal)));padding-right:var(--wp--style--root--padding-right, var(--wp--custom--gap--horizontal));padding-bottom:calc( 0.5 * var(--wp--style--root--padding-right, var(--wp--custom--gap--horizontal)));padding-left:var(--wp--style--root--padding-left, var(--wp--custom--gap--horizontal))\">\n<div style=\"height:calc( 0.25 * var(--wp--style--root--padding-right, var(--wp--custom--gap--horizontal)))\" aria-hidden=\"true\" class=\"wp-block-spacer\"><\/div>\n\n\n\n<div class=\"wp-block-columns alignwide is-layout-flex wp-container-core-columns-is-layout-7fc3d43a wp-block-columns-is-layout-flex\">\n<div class=\"wp-block-column is-vertically-aligned-center has-global-padding is-content-justification-center is-layout-constrained wp-block-column-is-layout-constrained\" style=\"flex-basis:100%\">\n<h2 class=\"wp-block-heading alignwide has-text-align-center\">Bienvenue chez B\u00d4 KAY Cr\u00e9ations<\/h2>\n\n\n\n<p class=\"has-text-align-center\"><br>Bonjour, je suis Francette, ing\u00e9nieure en informatique reconvertie cr\u00e9atrice artisane et autodidacte !<\/p>\n\n\n\n<div style=\"height:72px\" aria-hidden=\"true\" class=\"wp-block-spacer\"><\/div>\n\n\n\n<div class=\"wp-block-columns is-layout-flex wp-container-core-columns-is-layout-28f84493 wp-block-columns-is-layout-flex\">\n<div class=\"wp-block-column has-global-padding is-layout-constrained wp-block-column-is-layout-constrained\">\n<p class=\"has-small-font-size\" style=\"padding-top:0;padding-bottom:0;line-height:1.8\">Dans mon atelier du Var, en Provence,  j\u2019imagine et fabrique \u00e0 la main des bijoux uniques ou en tr\u00e8s petites s\u00e9ries : en argent massif 925, laiton plaqu\u00e9 or par galvanoplastie, et verre issu de bouteilles recycl\u00e9es (lav\u00e9es, d\u00e9coup\u00e9es ou bris\u00e9es pour un rendu original et \u00e9co-responsable). Chaque pi\u00e8ce raconte une histoire, port\u00e9e par des mat\u00e9riaux nobles et une touche d\u2019\u00e2me proven\u00e7ale.<\/p>\n<\/div>\n\n\n\n<div class=\"wp-block-column is-layout-flow wp-block-column-is-layout-flow\">\n<figure class=\"wp-block-image aligncenter size-large is-resized\" style=\"margin-right:0;margin-left:0\"><img loading=\"lazy\" decoding=\"async\" width=\"768\" height=\"1024\" src=\"https:\/\/bokaycreations.fr\/wp-content\/uploads\/2026\/02\/IMG_5971-768x1024.jpeg\" alt=\"Atelier\" class=\"wp-image-9929\" style=\"aspect-ratio:0.7500195053444644;width:183px;height:auto\" srcset=\"https:\/\/bokaycreations.fr\/wp-content\/uploads\/2026\/02\/IMG_5971-768x1024.jpeg 768w, https:\/\/bokaycreations.fr\/wp-content\/uploads\/2026\/02\/IMG_5971-225x300.jpeg 225w, https:\/\/bokaycreations.fr\/wp-content\/uploads\/2026\/02\/IMG_5971-1152x1536.jpeg 1152w, https:\/\/bokaycreations.fr\/wp-content\/uploads\/2026\/02\/IMG_5971-1536x2048.jpeg 1536w, https:\/\/bokaycreations.fr\/wp-content\/uploads\/2026\/02\/IMG_5971-258x344.jpeg 258w, https:\/\/bokaycreations.fr\/wp-content\/uploads\/2026\/02\/IMG_5971-562x749.jpeg 562w, https:\/\/bokaycreations.fr\/wp-content\/uploads\/2026\/02\/IMG_5971-scaled.jpeg 1920w\" sizes=\"auto, (max-width: 768px) 100vw, 768px\" \/><\/figure>\n<\/div>\n<\/div>\n\n\n\n<div style=\"height:72px\" aria-hidden=\"true\" class=\"wp-block-spacer\"><\/div>\n\n\n\n<h2 class=\"wp-block-heading alignwide has-text-align-center\" style=\"font-size:clamp(16.834px, 1.052rem + ((1vw - 3.2px) * 0.955), 26px);\">Mon inspiration ? Un parcours riche et inattendu.<\/h2>\n\n\n\n<p><\/p>\n\n\n\n<div class=\"wp-block-columns is-layout-flex wp-container-core-columns-is-layout-28f84493 wp-block-columns-is-layout-flex\">\n<div class=\"wp-block-column has-global-padding is-layout-constrained wp-block-column-is-layout-constrained\">\n<figure class=\"wp-block-image aligncenter size-large is-resized\"><img loading=\"lazy\" decoding=\"async\" width=\"819\" height=\"1024\" src=\"https:\/\/bokaycreations.fr\/wp-content\/uploads\/2025\/12\/IMG_8881-1-819x1024.jpeg\" alt=\"\" class=\"wp-image-9837\" style=\"aspect-ratio:0.7998169564855645;width:285px;height:auto\" srcset=\"https:\/\/bokaycreations.fr\/wp-content\/uploads\/2025\/12\/IMG_8881-1-819x1024.jpeg 819w, https:\/\/bokaycreations.fr\/wp-content\/uploads\/2025\/12\/IMG_8881-1-240x300.jpeg 240w, https:\/\/bokaycreations.fr\/wp-content\/uploads\/2025\/12\/IMG_8881-1-768x960.jpeg 768w, https:\/\/bokaycreations.fr\/wp-content\/uploads\/2025\/12\/IMG_8881-1-1229x1536.jpeg 1229w, https:\/\/bokaycreations.fr\/wp-content\/uploads\/2025\/12\/IMG_8881-1-1639x2048.jpeg 1639w, https:\/\/bokaycreations.fr\/wp-content\/uploads\/2025\/12\/IMG_8881-1-562x702.jpeg 562w, https:\/\/bokaycreations.fr\/wp-content\/uploads\/2025\/12\/IMG_8881-1-scaled.jpeg 2048w\" sizes=\"auto, (max-width: 819px) 100vw, 819px\" \/><\/figure>\n<\/div>\n\n\n\n<div class=\"wp-block-column is-layout-flow wp-block-column-is-layout-flow\">\n<p class=\"has-small-font-size\" style=\"line-height:1.8\">De mon enfance \u00e0 Madagascar aux voyages aux Antilles, en passant par ma vie familiale avec mes enfants, mon \u00e9poux et notre cercle \u00e9largi, tout nourrit ma cr\u00e9ativit\u00e9. Mon m\u00e9tier d&rsquo;ing\u00e9nieure m\u2019a appris l\u2019innovation et la pr\u00e9cision. Je suis une touche-\u00e0-tout inv\u00e9t\u00e9r\u00e9e : difficile, mais pas impossible, de me retenir de lancer dix projets \u00e0 la fois\u2026 Je ma\u00eetrise diff\u00e9rente techniques, couture, feutrage, tricot, peinture, tufting, et bien d\u2019autres, utilis\u00e9es seule ou mix\u00e9es. Je m\u2019efforce de finir ce que j\u2019entreprends pour vous offrir des cr\u00e9ations abouties.<\/p>\n<\/div>\n<\/div>\n\n\n\n<div style=\"height:72px\" aria-hidden=\"true\" class=\"wp-block-spacer\"><\/div>\n\n\n\n<h2 class=\"wp-block-heading alignwide has-text-align-center\" style=\"font-size:clamp(16.834px, 1.052rem + ((1vw - 3.2px) * 0.955), 26px);\">Au-del\u00e0 des bijoux, un univers cr\u00e9atif complet<\/h2>\n\n\n\n<p class=\"has-small-font-size\" style=\"line-height:1.8\"><br>\u2022 Objets de d\u00e9coration faits main, pour sublimer votre int\u00e9rieur.<br>\u2022 Location d\u2019objets d\u00e9co pour r\u00e9ceptions et mariages : avec mon exp\u00e9rience de wedding planner, je dispose d\u2019une collection raffin\u00e9e (guirlandes, centres de table, etc.) pour des \u00e9v\u00e9nements inoubliables.<\/p>\n\n\n\n<div class=\"wp-block-jetpack-tiled-gallery aligncenter is-style-rectangular\"><div class=\"\"><div class=\"tiled-gallery__gallery\"><div class=\"tiled-gallery__row\"><div class=\"tiled-gallery__col\" style=\"flex-basis:36.08236%\"><figure class=\"tiled-gallery__item\"><img decoding=\"async\" srcset=\"https:\/\/i0.wp.com\/bokaycreations.fr\/wp-content\/uploads\/2026\/02\/FullSizeRender-819x1024.jpeg?strip=info&#038;w=600&#038;ssl=1 600w,https:\/\/i0.wp.com\/bokaycreations.fr\/wp-content\/uploads\/2026\/02\/FullSizeRender-819x1024.jpeg?strip=info&#038;w=900&#038;ssl=1 900w,https:\/\/i0.wp.com\/bokaycreations.fr\/wp-content\/uploads\/2026\/02\/FullSizeRender-819x1024.jpeg?strip=info&#038;w=1200&#038;ssl=1 1200w,https:\/\/i0.wp.com\/bokaycreations.fr\/wp-content\/uploads\/2026\/02\/FullSizeRender-819x1024.jpeg?strip=info&#038;w=1500&#038;ssl=1 1500w,https:\/\/i0.wp.com\/bokaycreations.fr\/wp-content\/uploads\/2026\/02\/FullSizeRender-819x1024.jpeg?strip=info&#038;w=1800&#038;ssl=1 1800w,https:\/\/i0.wp.com\/bokaycreations.fr\/wp-content\/uploads\/2026\/02\/FullSizeRender-819x1024.jpeg?strip=info&#038;w=1921&#038;ssl=1 1921w\" alt=\"Boucles d'oreilles Nuage &amp; Goutte Vert \u00c9meraude\" data-height=\"2401\" data-id=\"9912\" data-link=\"https:\/\/bokaycreations.fr\/?attachment_id=9912\" data-url=\"https:\/\/bokaycreations.fr\/wp-content\/uploads\/2026\/02\/FullSizeRender-819x1024.jpeg\" data-width=\"1921\" src=\"https:\/\/i0.wp.com\/bokaycreations.fr\/wp-content\/uploads\/2026\/02\/FullSizeRender-819x1024.jpeg?ssl=1\" data-amp-layout=\"responsive\"\/><\/figure><\/div><div class=\"tiled-gallery__col\" style=\"flex-basis:33.83146%\"><figure class=\"tiled-gallery__item\"><img decoding=\"async\" srcset=\"https:\/\/i0.wp.com\/bokaycreations.fr\/wp-content\/uploads\/2026\/02\/IMG_4712-768x1024.jpeg?strip=info&#038;w=600&#038;ssl=1 600w,https:\/\/i0.wp.com\/bokaycreations.fr\/wp-content\/uploads\/2026\/02\/IMG_4712-768x1024.jpeg?strip=info&#038;w=900&#038;ssl=1 900w,https:\/\/i0.wp.com\/bokaycreations.fr\/wp-content\/uploads\/2026\/02\/IMG_4712-768x1024.jpeg?strip=info&#038;w=1200&#038;ssl=1 1200w,https:\/\/i0.wp.com\/bokaycreations.fr\/wp-content\/uploads\/2026\/02\/IMG_4712-768x1024.jpeg?strip=info&#038;w=1500&#038;ssl=1 1500w,https:\/\/i0.wp.com\/bokaycreations.fr\/wp-content\/uploads\/2026\/02\/IMG_4712-768x1024.jpeg?strip=info&#038;w=1800&#038;ssl=1 1800w,https:\/\/i0.wp.com\/bokaycreations.fr\/wp-content\/uploads\/2026\/02\/IMG_4712-768x1024.jpeg?strip=info&#038;w=1920&#038;ssl=1 1920w\" alt=\"\" data-height=\"2560\" data-id=\"9930\" data-link=\"https:\/\/bokaycreations.fr\/index.php\/a-propos-de\/img_4712\/\" data-url=\"https:\/\/bokaycreations.fr\/wp-content\/uploads\/2026\/02\/IMG_4712-768x1024.jpeg\" data-width=\"1920\" src=\"https:\/\/i0.wp.com\/bokaycreations.fr\/wp-content\/uploads\/2026\/02\/IMG_4712-768x1024.jpeg?ssl=1\" data-amp-layout=\"responsive\"\/><\/figure><\/div><div class=\"tiled-gallery__col\" style=\"flex-basis:30.08618%\"><figure class=\"tiled-gallery__item\"><img decoding=\"async\" srcset=\"https:\/\/i0.wp.com\/bokaycreations.fr\/wp-content\/uploads\/2026\/02\/JMT-74-683x1024.jpg?strip=info&#038;w=600&#038;ssl=1 600w,https:\/\/i0.wp.com\/bokaycreations.fr\/wp-content\/uploads\/2026\/02\/JMT-74-683x1024.jpg?strip=info&#038;w=800&#038;ssl=1 800w\" alt=\"\" data-height=\"1200\" data-id=\"9931\" data-link=\"https:\/\/bokaycreations.fr\/index.php\/a-propos-de\/jmt-74\/\" data-url=\"https:\/\/bokaycreations.fr\/wp-content\/uploads\/2026\/02\/JMT-74-683x1024.jpg\" data-width=\"800\" src=\"https:\/\/i0.wp.com\/bokaycreations.fr\/wp-content\/uploads\/2026\/02\/JMT-74-683x1024.jpg?ssl=1\" data-amp-layout=\"responsive\"\/><\/figure><\/div><\/div><\/div><\/div><\/div>\n\n\n\n<div style=\"height:72px\" aria-hidden=\"true\" class=\"wp-block-spacer\"><\/div>\n\n\n\n<h2 class=\"wp-block-heading alignwide has-text-align-center\" style=\"font-size:clamp(16.834px, 1.052rem + ((1vw - 3.2px) * 0.955), 26px);\">Pourquoi choisir B\u00d4 KAY ?<\/h2>\n\n\n\n<p class=\"has-small-font-size\" style=\"line-height:1.8\"><br>\u2022 Fait main en Provence : qualit\u00e9 artisanale, tra\u00e7abilit\u00e9 totale depuis mon atelier varois.<br>\u2022 \u00c9co-responsable : verre recycl\u00e9.<br>\u2022 Unique et personnel : chaque bijou est fa\u00e7onn\u00e9 individuellement et \u00e0 la main.<\/p>\n\n\n\n<p class=\"has-small-font-size\" style=\"line-height:1.8\"><\/p>\n\n\n\n<div style=\"height:72px\" aria-hidden=\"true\" class=\"wp-block-spacer\"><\/div>\n\n\n\n<h2 class=\"wp-block-heading alignwide has-text-align-center\" style=\"font-size:clamp(16.834px, 1.052rem + ((1vw - 3.2px) * 0.955), 26px);\">Pr\u00eate \u00e0 craquer pour une pi\u00e8ce unique ?<\/h2>\n\n\n\n<p class=\"has-small-font-size\" style=\"line-height:1.8\">Parcourez la boutique, commandez en ligne avec livraison soign\u00e9e (Chronopost), et profitez d\u2019offres comme les frais de port offerts d\u00e8s 50\u20ac. Contactez-moi pour personnalisations ou locations mariage !<br>Suivez-moi sur :<br>\u2022 Instagram : <a href=\"https:\/\/www.instagram.com\/bokay.creations\/\" target=\"_blank\" rel=\"noreferrer noopener\">@bokay.creations<\/a><br>\u2022 Facebook : <a href=\"https:\/\/www.facebook.com\/profile.php?id=61577182990806\" data-type=\"link\" data-id=\"https:\/\/www.facebook.com\/profile.php?id=61577182990806\" target=\"_blank\" rel=\"noreferrer noopener\">B\u00f4 Kay Cr\u00e9ations<\/a><\/p>\n\n\n\n<p class=\"has-small-font-size\" style=\"line-height:1.8\">#bijouxartisanaux #verrerecycle #faitmainprovence #var83<\/p>\n\n\n\n<p><\/p>\n\n\n\n<div class=\"wp-block-buttons is-layout-flex wp-block-buttons-is-layout-flex\">\n<div class=\"wp-block-button\"><a class=\"wp-block-button__link wp-element-button\" href=\"https:\/\/bokaycreations.fr\/index.php\/boucles-doreilles\/\" target=\"_blank\" rel=\"noreferrer noopener\">Premiers pas<\/a><\/div>\n<\/div>\n\n\n\n<div style=\"height:72px\" aria-hidden=\"true\" class=\"wp-block-spacer\"><\/div>\n\n\n\n<h2 class=\"wp-block-heading alignwide has-text-align-center\" style=\"font-size:clamp(16.834px, 1.052rem + ((1vw - 3.2px) * 0.955), 26px);\">Ne partez pas sans d\u00e9couvrir nos aventures sur<\/h2>\n\n\n\n<div class=\"wp-block-columns is-layout-flex wp-container-core-columns-is-layout-28f84493 wp-block-columns-is-layout-flex\">\n<div class=\"wp-block-column is-layout-flow wp-block-column-is-layout-flow\">\n<p><a href=\"http:\/\/francetteaventures.fr\" data-type=\"link\" data-id=\"francetteaventures.fr\">francetteaventures.fr<\/a><\/p>\n\n\n\n<p class=\"has-small-font-size\" style=\"line-height:1.8\">Voyages, d\u00e9couvertes et inspirations quotidiennes qui se glissent dans mes collections.<\/p>\n<\/div>\n\n\n\n<div class=\"wp-block-column is-layout-flow wp-block-column-is-layout-flow\">\n<figure class=\"wp-block-image size-large\"><img loading=\"lazy\" decoding=\"async\" width=\"1024\" height=\"768\" src=\"https:\/\/bokaycreations.fr\/wp-content\/uploads\/2026\/02\/IMG_0419-1024x768.jpg\" alt=\"V\u00e9n\u00e9zu\u00e9la - Le Rora\u00efma\" class=\"wp-image-9932\" srcset=\"https:\/\/bokaycreations.fr\/wp-content\/uploads\/2026\/02\/IMG_0419-1024x768.jpg 1024w, https:\/\/bokaycreations.fr\/wp-content\/uploads\/2026\/02\/IMG_0419-300x225.jpg 300w, https:\/\/bokaycreations.fr\/wp-content\/uploads\/2026\/02\/IMG_0419-768x576.jpg 768w, https:\/\/bokaycreations.fr\/wp-content\/uploads\/2026\/02\/IMG_0419-1536x1152.jpg 1536w, https:\/\/bokaycreations.fr\/wp-content\/uploads\/2026\/02\/IMG_0419-562x422.jpg 562w, https:\/\/bokaycreations.fr\/wp-content\/uploads\/2026\/02\/IMG_0419.jpg 1600w\" sizes=\"auto, (max-width: 1024px) 100vw, 1024px\" \/><figcaption class=\"wp-element-caption\">V\u00e9n\u00e9zu\u00e9la &#8211; Le Rora\u00efma<\/figcaption><\/figure>\n<\/div>\n<\/div>\n<\/div>\n<\/div>\n\n\n\n<div style=\"height:calc( 0.25 * var(--wp--style--root--padding-right, var(--wp--custom--gap--horizontal)))\" aria-hidden=\"true\" class=\"wp-block-spacer\"><\/div>\n<\/div>\n\n\n\n<p><\/p>\n","protected":false},"excerpt":{"rendered":"<p>Bienvenue chez B\u00d4 KAY Cr\u00e9ations Bonjour, je suis Francette, ing\u00e9nieure en informatique reconvertie cr\u00e9atrice artisane et autodidacte ! Dans mon atelier du Var, en Provence, j\u2019imagine et fabrique \u00e0 la main des bijoux uniques ou en tr\u00e8s petites s\u00e9ries : en argent massif 925, laiton plaqu\u00e9 or par galvanoplastie, et verre issu de bouteilles recycl\u00e9es [&hellip;]<\/p>\n","protected":false},"author":1,"featured_media":0,"parent":0,"menu_order":0,"comment_status":"closed","ping_status":"closed","template":"","meta":{"footnotes":""},"class_list":["post-11","page","type-page","status-publish","hentry"],"jetpack_sharing_enabled":true,"_links":{"self":[{"href":"https:\/\/bokaycreations.fr\/index.php\/wp-json\/wp\/v2\/pages\/11","targetHints":{"allow":["GET"]}}],"collection":[{"href":"https:\/\/bokaycreations.fr\/index.php\/wp-json\/wp\/v2\/pages"}],"about":[{"href":"https:\/\/bokaycreations.fr\/index.php\/wp-json\/wp\/v2\/types\/page"}],"author":[{"embeddable":true,"href":"https:\/\/bokaycreations.fr\/index.php\/wp-json\/wp\/v2\/users\/1"}],"replies":[{"embeddable":true,"href":"https:\/\/bokaycreations.fr\/index.php\/wp-json\/wp\/v2\/comments?post=11"}],"version-history":[{"count":21,"href":"https:\/\/bokaycreations.fr\/index.php\/wp-json\/wp\/v2\/pages\/11\/revisions"}],"predecessor-version":[{"id":9953,"href":"https:\/\/bokaycreations.fr\/index.php\/wp-json\/wp\/v2\/pages\/11\/revisions\/9953"}],"wp:attachment":[{"href":"https:\/\/bokaycreations.fr\/index.php\/wp-json\/wp\/v2\/media?parent=11"}],"curies":[{"name":"wp","href":"https:\/\/api.w.org\/{rel}","templated":true}]}}