{"id":9703,"date":"2025-07-06T21:24:23","date_gmt":"2025-07-06T19:24:23","guid":{"rendered":"https:\/\/bokaycreations.fr\/?page_id=9703"},"modified":"2026-01-20T16:22:15","modified_gmt":"2026-01-20T15:22:15","slug":"bracelets","status":"publish","type":"page","link":"https:\/\/bokaycreations.fr\/index.php\/bracelets\/","title":{"rendered":"Bracelets"},"content":{"rendered":"\n<p>Tous mes bracelets sont imagin\u00e9s et fa\u00e7onn\u00e9s dans mon atelier au Cannet des Maures.<\/p>\n\n\n\n<p><\/p>\n\n\n\n<div class=\"wp-block-group alignwide has-global-padding is-layout-constrained wp-container-core-group-is-layout-7c37d1e3 wp-block-group-is-layout-constrained\" style=\"margin-top:0px;margin-bottom:80px;padding-top:0;padding-right:var(--wp--preset--spacing--30);padding-bottom:0;padding-left:var(--wp--preset--spacing--30)\">\n<div data-wp-context=\"{&quot;notices&quot;:[],&quot;hideNextPreviousButtons&quot;:false,&quot;isDisabledPrevious&quot;:true,&quot;isDisabledNext&quot;:false,&quot;ariaLabelPrevious&quot;:&quot;Produits pr\\u00e9c\\u00e9dents&quot;,&quot;ariaLabelNext&quot;:&quot;Produits suivants&quot;}\" data-wp-init=\"callbacks.onRender\" data-wp-interactive=\"woocommerce\/product-collection\" data-wp-router-region=\"wc-product-collection-0\" data-__private-preview-state=\"{&quot;isPreview&quot;:false,&quot;previewMessage&quot;:&quot;Les produits d\\u00e9pendront de la page consult\\u00e9e.&quot;}\" data-block-name=\"woocommerce\/product-collection\" data-dimensions=\"{&quot;widthType&quot;:&quot;fill&quot;,&quot;fixedWidth&quot;:&quot;&quot;}\" data-display-layout=\"{&quot;type&quot;:&quot;flex&quot;,&quot;columns&quot;:3}\" data-query-context-includes=\"[&quot;collection&quot;]\" data-query-id=\"0\" data-query=\"{&quot;perPage&quot;:26,&quot;pages&quot;:0,&quot;offset&quot;:0,&quot;postType&quot;:&quot;product&quot;,&quot;order&quot;:&quot;desc&quot;,&quot;orderBy&quot;:&quot;date&quot;,&quot;search&quot;:&quot;&quot;,&quot;exclude&quot;:[],&quot;inherit&quot;:false,&quot;taxQuery&quot;:{&quot;product_cat&quot;:[24,58]},&quot;isProductCollectionBlock&quot;:true,&quot;woocommerceOnSale&quot;:false,&quot;woocommerceStockStatus&quot;:[&quot;instock&quot;,&quot;outofstock&quot;,&quot;onbackorder&quot;],&quot;woocommerceAttributes&quot;:[],&quot;woocommerceHandPickedProducts&quot;:[]}\" data-tag-name=\"div\" class=\"wp-block-woocommerce-product-collection alignwide is-layout-flow wp-block-woocommerce-product-collection-is-layout-flow\">\t\t<div data-wp-interactive=\"woocommerce\/store-notices\" class=\"wc-block-components-notices alignwide\">\n\t\t\t<template data-wp-each--notice=\"state.notices\" data-wp-each-key=\"context.notice.id\">\n\t\t\t\t<div\n\t\t\t\t\tclass=\"wc-block-components-notice-banner\"\n\t\t\t\t\tdata-wp-init=\"callbacks.scrollIntoView\"\n\t\t\t\t\tdata-wp-class--is-error=\"state.isError\"\n\t\t\t\t\tdata-wp-class--is-success=\"state.isSuccess\"\n\t\t\t\t\tdata-wp-class--is-info=\"state.isInfo\"\n\t\t\t\t\tdata-wp-class--is-dismissible=\"context.notice.dismissible\"\n\t\t\t\t\tdata-wp-bind--role=\"state.role\"\n\t\t\t\t\tdata-wp-watch=\"callbacks.injectIcon\"\n\t\t\t\t>\n\t\t\t\t\t<div class=\"wc-block-components-notice-banner__content\">\n\t\t\t\t\t\t<span data-wp-init=\"callbacks.renderNoticeContent\" aria-live=\"assertive\" aria-atomic=\"true\"><\/span>\n\t\t\t\t\t<\/div>\n\t\t\t\t\t<button\n\t\t\t\t\t\tdata-wp-bind--hidden=\"!context.notice.dismissible\"\n\t\t\t\t\t\tclass=\"wc-block-components-button wp-element-button wc-block-components-notice-banner__dismiss contained\"\n\t\t\t\t\t\taria-label=\"D\u00e9sactiver cette notification\"\n\t\t\t\t\t\tdata-wp-on--click=\"actions.removeNotice\"\n\t\t\t\t\t>\n\t\t\t\t\t\t<svg xmlns=\"http:\/\/www.w3.org\/2000\/svg\" viewBox=\"0 0 24 24\">\n\t\t\t\t\t\t\t<path d=\"M13 11.8l6.1-6.3-1-1-6.1 6.2-6.1-6.2-1 1 6.1 6.3-6.5 6.7 1 1 6.5-6.6 6.5 6.6 1-1z\" \/>\n\t\t\t\t\t\t<\/svg>\n\t\t\t\t\t<\/button>\n\t\t\t\t<\/div>\n\t\t\t<\/template>\n\t\t<\/div>\n\t\t<ul data-block-name=\"woocommerce\/product-template\" class=\"is-flex-container columns-3 wc-block-product-template wp-block-woocommerce-product-template is-layout-flow wp-block-woocommerce-product-template-is-layout-flow\" data-wp-on--scroll=\"actions.watchScroll\" data-wp-init=\"callbacks.initResizeObserver\"><li class=\"wc-block-product post-9809 product type-product status-publish has-post-thumbnail product_cat-bijoux product_cat-braceletsfemmes product_cat-femme product_shipping_class-bijoux-legers pa_collection-copper pa_couleur-bleu pa_taille-unique first instock featured purchasable product-type-simple\"\n\t\t\t\t\t\n\t\t\t\tdata-wp-interactive=\"woocommerce\/product-collection\"\n\t\t\t\tdata-wp-context='{\"productId\":9809}'\n\t\t\t\tdata-wp-key=\"product-item-9809\"\n\t\t\t\n\t\t\t\t>\n\t\t\t\t\t\n<div data-aspect-ratio=\"3\/5\" data-block-name=\"woocommerce\/product-image\" data-is-descendent-of-query-loop=\"true\" data-show-sale-badge=\"false\" class=\"wc-block-components-product-image wc-block-grid__product-image wc-block-components-product-image--aspect-ratio-3-5 wp-block-woocommerce-product-image\"><a href=\"https:\/\/bokaycreations.fr\/index.php\/produit\/bracelet-collection-copper-bleu-royal\/\" style=\"\" data-wp-on--click=\"woocommerce\/product-collection::actions.viewProduct\"><img decoding=\"async\" width=\"562\" height=\"703\" src=\"https:\/\/bokaycreations.fr\/wp-content\/uploads\/2025\/12\/IMG_5570-562x703.jpeg\" class=\"attachment-woocommerce_single size-woocommerce_single\" alt=\"Bracelet Copper Bleu Royal\" data-testid=\"product-image\" data-image-id=\"9794\" style=\"object-fit:cover;aspect-ratio:3\/5;\" loading=\"lazy\" srcset=\"https:\/\/bokaycreations.fr\/wp-content\/uploads\/2025\/12\/IMG_5570-562x703.jpeg 562w, https:\/\/bokaycreations.fr\/wp-content\/uploads\/2025\/12\/IMG_5570-240x300.jpeg 240w, https:\/\/bokaycreations.fr\/wp-content\/uploads\/2025\/12\/IMG_5570-819x1024.jpeg 819w, https:\/\/bokaycreations.fr\/wp-content\/uploads\/2025\/12\/IMG_5570-768x960.jpeg 768w, https:\/\/bokaycreations.fr\/wp-content\/uploads\/2025\/12\/IMG_5570-1229x1536.jpeg 1229w, https:\/\/bokaycreations.fr\/wp-content\/uploads\/2025\/12\/IMG_5570-1638x2048.jpeg 1638w, https:\/\/bokaycreations.fr\/wp-content\/uploads\/2025\/12\/IMG_5570-scaled.jpeg 2048w\" sizes=\"auto, (max-width: 562px) 100vw, 562px\" \/><div class=\"wc-block-components-product-image__inner-container\">\n\n<\/div><\/a><\/div>\n\n\n\n<h2 style=\"line-height:1.4;\" class=\"has-text-align-center wp-block-post-title has-medium-font-size\"><a data-wp-on--click=\"woocommerce\/product-collection::actions.viewProduct\" href=\"https:\/\/bokaycreations.fr\/index.php\/produit\/bracelet-collection-copper-bleu-royal\/\" target=\"_self\" >Bracelet collection Copper Bleu Royal<\/a><\/h2>\n\n<div data-block-name=\"woocommerce\/product-price\" data-font-size=\"small\" data-is-descendent-of-query-loop=\"true\" data-text-align=\"center\" class=\"has-font-size has-small-font-size has-text-align-center wp-block-woocommerce-product-price has-small-font-size\" ><div class=\"wc-block-components-product-price wc-block-grid__product-price\" >\n\t\t\t\t\t<span class=\"woocommerce-Price-amount amount\"><bdi>30,00&nbsp;<span class=\"woocommerce-Price-currencySymbol\">&euro;<\/span><\/bdi><\/span>\n\t\t\t\t<\/div><\/div>\n\n\t\t\t\t<\/li><li class=\"wc-block-product post-9808 product type-product status-publish has-post-thumbnail product_cat-bijoux product_cat-braceletsfemmes product_cat-femme product_shipping_class-bijoux-legers pa_collection-copper pa_couleur-noir pa_taille-unique  instock featured purchasable product-type-simple\"\n\t\t\t\t\t\n\t\t\t\tdata-wp-interactive=\"woocommerce\/product-collection\"\n\t\t\t\tdata-wp-context='{\"productId\":9808}'\n\t\t\t\tdata-wp-key=\"product-item-9808\"\n\t\t\t\n\t\t\t\t>\n\t\t\t\t\t\n<div data-aspect-ratio=\"3\/5\" data-block-name=\"woocommerce\/product-image\" data-is-descendent-of-query-loop=\"true\" data-show-sale-badge=\"false\" class=\"wc-block-components-product-image wc-block-grid__product-image wc-block-components-product-image--aspect-ratio-3-5 wp-block-woocommerce-product-image\"><a href=\"https:\/\/bokaycreations.fr\/index.php\/produit\/bracelet-collection-copper-noir\/\" style=\"\" data-wp-on--click=\"woocommerce\/product-collection::actions.viewProduct\"><img decoding=\"async\" width=\"562\" height=\"703\" src=\"https:\/\/bokaycreations.fr\/wp-content\/uploads\/2025\/12\/IMG_5571-562x703.jpeg\" class=\"attachment-woocommerce_single size-woocommerce_single\" alt=\"Bracelet Copper Noir\" data-testid=\"product-image\" data-image-id=\"9795\" style=\"object-fit:cover;aspect-ratio:3\/5;\" loading=\"lazy\" srcset=\"https:\/\/bokaycreations.fr\/wp-content\/uploads\/2025\/12\/IMG_5571-562x703.jpeg 562w, https:\/\/bokaycreations.fr\/wp-content\/uploads\/2025\/12\/IMG_5571-240x300.jpeg 240w, https:\/\/bokaycreations.fr\/wp-content\/uploads\/2025\/12\/IMG_5571-819x1024.jpeg 819w, https:\/\/bokaycreations.fr\/wp-content\/uploads\/2025\/12\/IMG_5571-768x960.jpeg 768w, https:\/\/bokaycreations.fr\/wp-content\/uploads\/2025\/12\/IMG_5571-1229x1536.jpeg 1229w, https:\/\/bokaycreations.fr\/wp-content\/uploads\/2025\/12\/IMG_5571-1638x2048.jpeg 1638w, https:\/\/bokaycreations.fr\/wp-content\/uploads\/2025\/12\/IMG_5571-scaled.jpeg 2048w\" sizes=\"auto, (max-width: 562px) 100vw, 562px\" \/><div class=\"wc-block-components-product-image__inner-container\">\n\n<\/div><\/a><\/div>\n\n\n\n<h2 style=\"line-height:1.4;\" class=\"has-text-align-center wp-block-post-title has-medium-font-size\"><a data-wp-on--click=\"woocommerce\/product-collection::actions.viewProduct\" href=\"https:\/\/bokaycreations.fr\/index.php\/produit\/bracelet-collection-copper-noir\/\" target=\"_self\" >Bracelet collection Copper Noir<\/a><\/h2>\n\n<div data-block-name=\"woocommerce\/product-price\" data-font-size=\"small\" data-is-descendent-of-query-loop=\"true\" data-text-align=\"center\" class=\"has-font-size has-small-font-size has-text-align-center wp-block-woocommerce-product-price has-small-font-size\" ><div class=\"wc-block-components-product-price wc-block-grid__product-price\" >\n\t\t\t\t\t<span class=\"woocommerce-Price-amount amount\"><bdi>30,00&nbsp;<span class=\"woocommerce-Price-currencySymbol\">&euro;<\/span><\/bdi><\/span>\n\t\t\t\t<\/div><\/div>\n\n\t\t\t\t<\/li><li class=\"wc-block-product post-9807 product type-product status-publish has-post-thumbnail product_cat-bijoux product_cat-braceletsfemmes product_cat-femme product_shipping_class-bijoux-legers pa_collection-copper pa_couleur-anis pa_taille-unique  instock featured purchasable product-type-simple\"\n\t\t\t\t\t\n\t\t\t\tdata-wp-interactive=\"woocommerce\/product-collection\"\n\t\t\t\tdata-wp-context='{\"productId\":9807}'\n\t\t\t\tdata-wp-key=\"product-item-9807\"\n\t\t\t\n\t\t\t\t>\n\t\t\t\t\t\n<div data-aspect-ratio=\"3\/5\" data-block-name=\"woocommerce\/product-image\" data-is-descendent-of-query-loop=\"true\" data-show-sale-badge=\"false\" class=\"wc-block-components-product-image wc-block-grid__product-image wc-block-components-product-image--aspect-ratio-3-5 wp-block-woocommerce-product-image\"><a href=\"https:\/\/bokaycreations.fr\/index.php\/produit\/bracelet-collection-copper-anis\/\" style=\"\" data-wp-on--click=\"woocommerce\/product-collection::actions.viewProduct\"><img decoding=\"async\" width=\"562\" height=\"703\" src=\"https:\/\/bokaycreations.fr\/wp-content\/uploads\/2025\/12\/IMG_5569-562x703.jpeg\" class=\"attachment-woocommerce_single size-woocommerce_single\" alt=\"Bracelet Copper Anis\" data-testid=\"product-image\" data-image-id=\"9793\" style=\"object-fit:cover;aspect-ratio:3\/5;\" loading=\"lazy\" srcset=\"https:\/\/bokaycreations.fr\/wp-content\/uploads\/2025\/12\/IMG_5569-562x703.jpeg 562w, https:\/\/bokaycreations.fr\/wp-content\/uploads\/2025\/12\/IMG_5569-240x300.jpeg 240w, https:\/\/bokaycreations.fr\/wp-content\/uploads\/2025\/12\/IMG_5569-819x1024.jpeg 819w, https:\/\/bokaycreations.fr\/wp-content\/uploads\/2025\/12\/IMG_5569-768x960.jpeg 768w, https:\/\/bokaycreations.fr\/wp-content\/uploads\/2025\/12\/IMG_5569-1229x1536.jpeg 1229w, https:\/\/bokaycreations.fr\/wp-content\/uploads\/2025\/12\/IMG_5569-1638x2048.jpeg 1638w, https:\/\/bokaycreations.fr\/wp-content\/uploads\/2025\/12\/IMG_5569-scaled.jpeg 2048w\" sizes=\"auto, (max-width: 562px) 100vw, 562px\" \/><div class=\"wc-block-components-product-image__inner-container\">\n\n<\/div><\/a><\/div>\n\n\n\n<h2 style=\"line-height:1.4;\" class=\"has-text-align-center wp-block-post-title has-medium-font-size\"><a data-wp-on--click=\"woocommerce\/product-collection::actions.viewProduct\" href=\"https:\/\/bokaycreations.fr\/index.php\/produit\/bracelet-collection-copper-anis\/\" target=\"_self\" >Bracelet collection Copper Anis<\/a><\/h2>\n\n<div data-block-name=\"woocommerce\/product-price\" data-font-size=\"small\" data-is-descendent-of-query-loop=\"true\" data-text-align=\"center\" class=\"has-font-size has-small-font-size has-text-align-center wp-block-woocommerce-product-price has-small-font-size\" ><div class=\"wc-block-components-product-price wc-block-grid__product-price\" >\n\t\t\t\t\t<span class=\"woocommerce-Price-amount amount\"><bdi>30,00&nbsp;<span class=\"woocommerce-Price-currencySymbol\">&euro;<\/span><\/bdi><\/span>\n\t\t\t\t<\/div><\/div>\n\n\t\t\t\t<\/li><li class=\"wc-block-product post-9806 product type-product status-publish has-post-thumbnail product_cat-bijoux product_cat-braceletsfemmes product_cat-femme product_shipping_class-bijoux-legers pa_collection-copper pa_couleur-vert pa_taille-unique last instock featured purchasable product-type-simple\"\n\t\t\t\t\t\n\t\t\t\tdata-wp-interactive=\"woocommerce\/product-collection\"\n\t\t\t\tdata-wp-context='{\"productId\":9806}'\n\t\t\t\tdata-wp-key=\"product-item-9806\"\n\t\t\t\n\t\t\t\t>\n\t\t\t\t\t\n<div data-aspect-ratio=\"3\/5\" data-block-name=\"woocommerce\/product-image\" data-is-descendent-of-query-loop=\"true\" data-show-sale-badge=\"false\" class=\"wc-block-components-product-image wc-block-grid__product-image wc-block-components-product-image--aspect-ratio-3-5 wp-block-woocommerce-product-image\"><a href=\"https:\/\/bokaycreations.fr\/index.php\/produit\/bracelet-collection-copper-vert-emeraude\/\" style=\"\" data-wp-on--click=\"woocommerce\/product-collection::actions.viewProduct\"><img decoding=\"async\" width=\"562\" height=\"703\" src=\"https:\/\/bokaycreations.fr\/wp-content\/uploads\/2025\/12\/IMG_5572-562x703.jpeg\" class=\"attachment-woocommerce_single size-woocommerce_single\" alt=\"Bracelet Copper Vert \u00c9meraude\" data-testid=\"product-image\" data-image-id=\"9796\" style=\"object-fit:cover;aspect-ratio:3\/5;\" loading=\"lazy\" srcset=\"https:\/\/bokaycreations.fr\/wp-content\/uploads\/2025\/12\/IMG_5572-562x703.jpeg 562w, https:\/\/bokaycreations.fr\/wp-content\/uploads\/2025\/12\/IMG_5572-240x300.jpeg 240w, https:\/\/bokaycreations.fr\/wp-content\/uploads\/2025\/12\/IMG_5572-819x1024.jpeg 819w, https:\/\/bokaycreations.fr\/wp-content\/uploads\/2025\/12\/IMG_5572-768x960.jpeg 768w, https:\/\/bokaycreations.fr\/wp-content\/uploads\/2025\/12\/IMG_5572-1229x1536.jpeg 1229w, https:\/\/bokaycreations.fr\/wp-content\/uploads\/2025\/12\/IMG_5572-1638x2048.jpeg 1638w, https:\/\/bokaycreations.fr\/wp-content\/uploads\/2025\/12\/IMG_5572-scaled.jpeg 2048w\" sizes=\"auto, (max-width: 562px) 100vw, 562px\" \/><div class=\"wc-block-components-product-image__inner-container\">\n\n<\/div><\/a><\/div>\n\n\n\n<h2 style=\"line-height:1.4;\" class=\"has-text-align-center wp-block-post-title has-medium-font-size\"><a data-wp-on--click=\"woocommerce\/product-collection::actions.viewProduct\" href=\"https:\/\/bokaycreations.fr\/index.php\/produit\/bracelet-collection-copper-vert-emeraude\/\" target=\"_self\" >Bracelet collection Copper Vert \u00c9meraude<\/a><\/h2>\n\n<div data-block-name=\"woocommerce\/product-price\" data-font-size=\"small\" data-is-descendent-of-query-loop=\"true\" data-text-align=\"center\" class=\"has-font-size has-small-font-size has-text-align-center wp-block-woocommerce-product-price has-small-font-size\" ><div class=\"wc-block-components-product-price wc-block-grid__product-price\" >\n\t\t\t\t\t<span class=\"woocommerce-Price-amount amount\"><bdi>30,00&nbsp;<span class=\"woocommerce-Price-currencySymbol\">&euro;<\/span><\/bdi><\/span>\n\t\t\t\t<\/div><\/div>\n\n\t\t\t\t<\/li><li class=\"wc-block-product post-9805 product type-product status-publish has-post-thumbnail product_cat-bijoux product_cat-braceletsfemmes product_cat-femme product_shipping_class-bijoux-legers pa_collection-copper pa_couleur-fuchsia pa_taille-unique first instock featured purchasable product-type-simple\"\n\t\t\t\t\t\n\t\t\t\tdata-wp-interactive=\"woocommerce\/product-collection\"\n\t\t\t\tdata-wp-context='{\"productId\":9805}'\n\t\t\t\tdata-wp-key=\"product-item-9805\"\n\t\t\t\n\t\t\t\t>\n\t\t\t\t\t\n<div data-aspect-ratio=\"3\/5\" data-block-name=\"woocommerce\/product-image\" data-is-descendent-of-query-loop=\"true\" data-show-sale-badge=\"false\" class=\"wc-block-components-product-image wc-block-grid__product-image wc-block-components-product-image--aspect-ratio-3-5 wp-block-woocommerce-product-image\"><a href=\"https:\/\/bokaycreations.fr\/index.php\/produit\/bracelet-collection-copper-fuchsia\/\" style=\"\" data-wp-on--click=\"woocommerce\/product-collection::actions.viewProduct\"><img decoding=\"async\" width=\"562\" height=\"703\" src=\"https:\/\/bokaycreations.fr\/wp-content\/uploads\/2025\/12\/IMG_5568-562x703.jpeg\" class=\"attachment-woocommerce_single size-woocommerce_single\" alt=\"Bracelet Copper Fuchsia\" data-testid=\"product-image\" data-image-id=\"9792\" style=\"object-fit:cover;aspect-ratio:3\/5;\" loading=\"lazy\" srcset=\"https:\/\/bokaycreations.fr\/wp-content\/uploads\/2025\/12\/IMG_5568-562x703.jpeg 562w, https:\/\/bokaycreations.fr\/wp-content\/uploads\/2025\/12\/IMG_5568-240x300.jpeg 240w, https:\/\/bokaycreations.fr\/wp-content\/uploads\/2025\/12\/IMG_5568-819x1024.jpeg 819w, https:\/\/bokaycreations.fr\/wp-content\/uploads\/2025\/12\/IMG_5568-768x960.jpeg 768w, https:\/\/bokaycreations.fr\/wp-content\/uploads\/2025\/12\/IMG_5568-1229x1536.jpeg 1229w, https:\/\/bokaycreations.fr\/wp-content\/uploads\/2025\/12\/IMG_5568-1638x2048.jpeg 1638w, https:\/\/bokaycreations.fr\/wp-content\/uploads\/2025\/12\/IMG_5568-scaled.jpeg 2048w\" sizes=\"auto, (max-width: 562px) 100vw, 562px\" \/><div class=\"wc-block-components-product-image__inner-container\">\n\n<\/div><\/a><\/div>\n\n\n\n<h2 style=\"line-height:1.4;\" class=\"has-text-align-center wp-block-post-title has-medium-font-size\"><a data-wp-on--click=\"woocommerce\/product-collection::actions.viewProduct\" href=\"https:\/\/bokaycreations.fr\/index.php\/produit\/bracelet-collection-copper-fuchsia\/\" target=\"_self\" >Bracelet collection Copper Fuchsia<\/a><\/h2>\n\n<div data-block-name=\"woocommerce\/product-price\" data-font-size=\"small\" data-is-descendent-of-query-loop=\"true\" data-text-align=\"center\" class=\"has-font-size has-small-font-size has-text-align-center wp-block-woocommerce-product-price has-small-font-size\" ><div class=\"wc-block-components-product-price wc-block-grid__product-price\" >\n\t\t\t\t\t<span class=\"woocommerce-Price-amount amount\"><bdi>30,00&nbsp;<span class=\"woocommerce-Price-currencySymbol\">&euro;<\/span><\/bdi><\/span>\n\t\t\t\t<\/div><\/div>\n\n\t\t\t\t<\/li><li class=\"wc-block-product post-9790 product type-product status-publish has-post-thumbnail product_cat-bijoux product_cat-braceletsfemmes product_cat-femme product_shipping_class-bijoux-legers pa_collection-copper pa_couleur-nude pa_taille-unique  instock featured purchasable product-type-simple\"\n\t\t\t\t\t\n\t\t\t\tdata-wp-interactive=\"woocommerce\/product-collection\"\n\t\t\t\tdata-wp-context='{\"productId\":9790}'\n\t\t\t\tdata-wp-key=\"product-item-9790\"\n\t\t\t\n\t\t\t\t>\n\t\t\t\t\t\n<div data-aspect-ratio=\"3\/5\" data-block-name=\"woocommerce\/product-image\" data-is-descendent-of-query-loop=\"true\" data-show-sale-badge=\"false\" class=\"wc-block-components-product-image wc-block-grid__product-image wc-block-components-product-image--aspect-ratio-3-5 wp-block-woocommerce-product-image\"><a href=\"https:\/\/bokaycreations.fr\/index.php\/produit\/bracelet-collection-copper-nude\/\" style=\"\" data-wp-on--click=\"woocommerce\/product-collection::actions.viewProduct\"><img decoding=\"async\" width=\"562\" height=\"703\" src=\"https:\/\/bokaycreations.fr\/wp-content\/uploads\/2025\/12\/IMG_5567-562x703.jpeg\" class=\"attachment-woocommerce_single size-woocommerce_single\" alt=\"Bracelet Copper Nude\" data-testid=\"product-image\" data-image-id=\"9791\" style=\"object-fit:cover;aspect-ratio:3\/5;\" loading=\"lazy\" srcset=\"https:\/\/bokaycreations.fr\/wp-content\/uploads\/2025\/12\/IMG_5567-562x703.jpeg 562w, https:\/\/bokaycreations.fr\/wp-content\/uploads\/2025\/12\/IMG_5567-240x300.jpeg 240w, https:\/\/bokaycreations.fr\/wp-content\/uploads\/2025\/12\/IMG_5567-819x1024.jpeg 819w, https:\/\/bokaycreations.fr\/wp-content\/uploads\/2025\/12\/IMG_5567-768x960.jpeg 768w, https:\/\/bokaycreations.fr\/wp-content\/uploads\/2025\/12\/IMG_5567-1229x1536.jpeg 1229w, https:\/\/bokaycreations.fr\/wp-content\/uploads\/2025\/12\/IMG_5567-1638x2048.jpeg 1638w, https:\/\/bokaycreations.fr\/wp-content\/uploads\/2025\/12\/IMG_5567-scaled.jpeg 2048w\" sizes=\"auto, (max-width: 562px) 100vw, 562px\" \/><div class=\"wc-block-components-product-image__inner-container\">\n\n<\/div><\/a><\/div>\n\n\n\n<h2 style=\"line-height:1.4;\" class=\"has-text-align-center wp-block-post-title has-medium-font-size\"><a data-wp-on--click=\"woocommerce\/product-collection::actions.viewProduct\" href=\"https:\/\/bokaycreations.fr\/index.php\/produit\/bracelet-collection-copper-nude\/\" target=\"_self\" >Bracelet collection Copper Nude<\/a><\/h2>\n\n<div data-block-name=\"woocommerce\/product-price\" data-font-size=\"small\" data-is-descendent-of-query-loop=\"true\" data-text-align=\"center\" class=\"has-font-size has-small-font-size has-text-align-center wp-block-woocommerce-product-price has-small-font-size\" ><div class=\"wc-block-components-product-price wc-block-grid__product-price\" >\n\t\t\t\t\t<span class=\"woocommerce-Price-amount amount\"><bdi>30,00&nbsp;<span class=\"woocommerce-Price-currencySymbol\">&euro;<\/span><\/bdi><\/span>\n\t\t\t\t<\/div><\/div>\n\n\t\t\t\t<\/li><\/ul><\/div>\n<\/div>\n","protected":false},"excerpt":{"rendered":"<p>Tous mes bracelets sont imagin\u00e9s et fa\u00e7onn\u00e9s dans mon atelier au Cannet des Maures.<\/p>\n","protected":false},"author":1,"featured_media":0,"parent":0,"menu_order":0,"comment_status":"closed","ping_status":"closed","template":"","meta":{"footnotes":""},"class_list":["post-9703","page","type-page","status-publish","hentry"],"jetpack_sharing_enabled":true,"_links":{"self":[{"href":"https:\/\/bokaycreations.fr\/index.php\/wp-json\/wp\/v2\/pages\/9703","targetHints":{"allow":["GET"]}}],"collection":[{"href":"https:\/\/bokaycreations.fr\/index.php\/wp-json\/wp\/v2\/pages"}],"about":[{"href":"https:\/\/bokaycreations.fr\/index.php\/wp-json\/wp\/v2\/types\/page"}],"author":[{"embeddable":true,"href":"https:\/\/bokaycreations.fr\/index.php\/wp-json\/wp\/v2\/users\/1"}],"replies":[{"embeddable":true,"href":"https:\/\/bokaycreations.fr\/index.php\/wp-json\/wp\/v2\/comments?post=9703"}],"version-history":[{"count":3,"href":"https:\/\/bokaycreations.fr\/index.php\/wp-json\/wp\/v2\/pages\/9703\/revisions"}],"predecessor-version":[{"id":9901,"href":"https:\/\/bokaycreations.fr\/index.php\/wp-json\/wp\/v2\/pages\/9703\/revisions\/9901"}],"wp:attachment":[{"href":"https:\/\/bokaycreations.fr\/index.php\/wp-json\/wp\/v2\/media?parent=9703"}],"curies":[{"name":"wp","href":"https:\/\/api.w.org\/{rel}","templated":true}]}}