{"id":9805,"date":"2025-12-03T19:49:17","date_gmt":"2025-12-03T18:49:17","guid":{"rendered":"https:\/\/bokaycreations.fr\/?post_type=product&#038;p=9805"},"modified":"2026-01-20T14:56:42","modified_gmt":"2026-01-20T13:56:42","slug":"bracelet-collection-copper-fuchsia","status":"publish","type":"product","link":"https:\/\/bokaycreations.fr\/index.php\/produit\/bracelet-collection-copper-fuchsia\/","title":{"rendered":"Bracelet collection Copper Fuchsia"},"content":{"rendered":"<p>\u00c9l\u00e9gance et l\u00e9g\u00e8ret\u00e9 pour ce bracelet en maille de cuivre \u00e9maill\u00e9 et fil de couleur Fuchsia, enti\u00e8rement fait main.<\/p>\n<p>Une bande souple, soigneusement travaill\u00e9e en maille tricot est ensuite d\u00e9licatement roul\u00e9e pour former un bijou original, \u00e0 la fois a\u00e9rien et tout doux au touch\u00e9.<\/p>\n<p>Ce bracelet allie la brillance subtile du cuivre et la douceur du textile, offrant un contraste surprenant et raffin\u00e9.<\/p>\n<p>L\u00e9ger comme une plume, il se porte confortablement avec gr\u00e2ce et souplesse tout au long de la journ\u00e9e.<\/p>\n<p>Chaque pi\u00e8ce est unique, r\u00e9alis\u00e9e avec passion et minutie.<\/p>\n<p><strong>Caract\u00e9ristiques :<\/strong><\/p>\n<ul>\n<li>Mat\u00e9riaux :\n<ul>\n<li>Fil de cuivre \u00e9maill\u00e9 afin de r\u00e9duire les risques d&rsquo;allergies.<\/li>\n<li>Fil 100% polyester, r\u00e9sistant aux UV.<\/li>\n<li>Perles de laiton dor\u00e9es, sans cadmium ni nickel.<\/li>\n<\/ul>\n<\/li>\n<\/ul>\n","protected":false},"excerpt":{"rendered":"<p>\u00c9l\u00e9gance et l\u00e9g\u00e8ret\u00e9 pour ce bracelet en maille de cuivre \u00e9maill\u00e9 et fil de couleur Fuchsia, enti\u00e8rement fait main.<\/p>\n","protected":false},"featured_media":9792,"comment_status":"open","ping_status":"closed","template":"","meta":[],"product_brand":[],"product_cat":[23,24,56],"product_tag":[],"class_list":{"0":"post-9805","1":"product","2":"type-product","3":"status-publish","4":"has-post-thumbnail","6":"product_cat-bijoux","7":"product_cat-braceletsfemmes","8":"product_cat-femme","9":"product_shipping_class-bijoux-legers","10":"pa_collection-copper","11":"pa_couleur-fuchsia","12":"pa_taille-unique","14":"first","15":"instock","16":"featured","17":"purchasable","18":"product-type-simple"},"jetpack_sharing_enabled":true,"_links":{"self":[{"href":"https:\/\/bokaycreations.fr\/index.php\/wp-json\/wp\/v2\/product\/9805","targetHints":{"allow":["GET"]}}],"collection":[{"href":"https:\/\/bokaycreations.fr\/index.php\/wp-json\/wp\/v2\/product"}],"about":[{"href":"https:\/\/bokaycreations.fr\/index.php\/wp-json\/wp\/v2\/types\/product"}],"replies":[{"embeddable":true,"href":"https:\/\/bokaycreations.fr\/index.php\/wp-json\/wp\/v2\/comments?post=9805"}],"wp:featuredmedia":[{"embeddable":true,"href":"https:\/\/bokaycreations.fr\/index.php\/wp-json\/wp\/v2\/media\/9792"}],"wp:attachment":[{"href":"https:\/\/bokaycreations.fr\/index.php\/wp-json\/wp\/v2\/media?parent=9805"}],"wp:term":[{"taxonomy":"product_brand","embeddable":true,"href":"https:\/\/bokaycreations.fr\/index.php\/wp-json\/wp\/v2\/product_brand?post=9805"},{"taxonomy":"product_cat","embeddable":true,"href":"https:\/\/bokaycreations.fr\/index.php\/wp-json\/wp\/v2\/product_cat?post=9805"},{"taxonomy":"product_tag","embeddable":true,"href":"https:\/\/bokaycreations.fr\/index.php\/wp-json\/wp\/v2\/product_tag?post=9805"}],"curies":[{"name":"wp","href":"https:\/\/api.w.org\/{rel}","templated":true}]}}