{"id":9870,"date":"2026-01-16T18:09:54","date_gmt":"2026-01-16T17:09:54","guid":{"rendered":"https:\/\/bokaycreations.fr\/?post_type=product&#038;p=9870"},"modified":"2026-02-03T16:52:55","modified_gmt":"2026-02-03T15:52:55","slug":"boucles-doreilles-collection-pluie-damour","status":"publish","type":"product","link":"https:\/\/bokaycreations.fr\/index.php\/produit\/boucles-doreilles-collection-pluie-damour\/","title":{"rendered":"Boucles d&rsquo;oreilles Bleu Empire collection Nuage &#038; Goutte"},"content":{"rendered":"<p>Je vous propose de d\u00e9licates boucles d&rsquo;oreilles en laiton dor\u00e9 \u00e0 l&rsquo;or fin, orn\u00e9es d&rsquo;une petite goutte de verre bleu empire, lumineuse et po\u00e9tique.<\/p>\n<p>Ces jours pluvieux que nous subissons ces derni\u00e8res semaines m&rsquo;ont inspir\u00e9 cette petite collection de nuages.<\/p>\n<p>Chaque paire est imagin\u00e9e et fabriqu\u00e9e dans mon atelier, en pi\u00e8ce unique ou tr\u00e8s petite s\u00e9rie. Elles sont parfaites pour celles et ceux qui aiment les bijoux artisanaux, qui racontent une histoire et qui donnent une seconde vie \u00e0 la mati\u00e8re.<\/p>\n<p>Pour cr\u00e9er ces gouttes, je r\u00e9cup\u00e8re des bouteilles en verre que je lave, casse soigneusement puis d\u00e9pose en \u00e9clats dans de petits moules en forme de gouttes. Les moules passent ensuite au four pour un fusing: sous l&rsquo;effet de la chaleur, les morceaux de verre fondent et se transforment en une petite goutte lisse et brillante, pr\u00eate \u00e0 \u00eatre sertie \u00e0 la main dans son support en laiton dor\u00e9.<\/p>\n<p>Au dos, un petit coeur est d\u00e9coup\u00e9 dans le m\u00e9tal afin de laisser passer la lumi\u00e8re au travers de la goutte de verre.<\/p>\n<p>Ces boucles d&rsquo;oreilles l\u00e9g\u00e8res se portent facilement au quotidien et apportent une touche de couleur intense avec ce bleu profond qui capte la lumi\u00e8re.<\/p>\n<p>Vous recevrez vos boucles d&rsquo;oreilles pr\u00eates \u00e0 offrir, soigneusement emball\u00e9es, avec une petite carte rappelant leur mode de fabrication et l&rsquo;utilisation de verre de bouteilles recycl\u00e9.<\/p>\n<p><strong>Caract\u00e9ristiques :<\/strong><\/p>\n<ul>\n<li>Mat\u00e9riaux :\n<ul>\n<li>Laiton dor\u00e9 \u00e0 l&rsquo;or 24 carats<\/li>\n<li>Fusing de verre bleu de bouteille recycl\u00e9<\/li>\n<li>Fermoirs poussoirs en plastique transparent<\/li>\n<\/ul>\n<\/li>\n<\/ul>\n","protected":false},"excerpt":{"rendered":"<p>Je vous propose de d\u00e9licates boucles d&rsquo;oreilles en laiton dor\u00e9 \u00e0 l&rsquo;or fin, orn\u00e9es d&rsquo;une petite goutte de verre bleu empire, lumineuse et po\u00e9tique.<\/p>\n<p>Ces jours pluvieux que nous subissons ces derni\u00e8res semaines m&rsquo;ont inspir\u00e9 cette petite collection de nuages.<\/p>\n","protected":false},"featured_media":9871,"comment_status":"open","ping_status":"closed","template":"","meta":[],"product_brand":[],"product_cat":[23,53,56],"product_tag":[],"class_list":{"0":"post-9870","1":"product","2":"type-product","3":"status-publish","4":"has-post-thumbnail","6":"product_cat-bijoux","7":"product_cat-bouclesdoreillesfemmes","8":"product_cat-femme","9":"product_shipping_class-bijoux-legers","10":"pa_collection-nuage-goutte","11":"pa_couleur-bleu","12":"pa_taille-unique","14":"first","15":"instock","16":"featured","17":"purchasable","18":"product-type-simple"},"jetpack_sharing_enabled":true,"_links":{"self":[{"href":"https:\/\/bokaycreations.fr\/index.php\/wp-json\/wp\/v2\/product\/9870","targetHints":{"allow":["GET"]}}],"collection":[{"href":"https:\/\/bokaycreations.fr\/index.php\/wp-json\/wp\/v2\/product"}],"about":[{"href":"https:\/\/bokaycreations.fr\/index.php\/wp-json\/wp\/v2\/types\/product"}],"replies":[{"embeddable":true,"href":"https:\/\/bokaycreations.fr\/index.php\/wp-json\/wp\/v2\/comments?post=9870"}],"wp:featuredmedia":[{"embeddable":true,"href":"https:\/\/bokaycreations.fr\/index.php\/wp-json\/wp\/v2\/media\/9871"}],"wp:attachment":[{"href":"https:\/\/bokaycreations.fr\/index.php\/wp-json\/wp\/v2\/media?parent=9870"}],"wp:term":[{"taxonomy":"product_brand","embeddable":true,"href":"https:\/\/bokaycreations.fr\/index.php\/wp-json\/wp\/v2\/product_brand?post=9870"},{"taxonomy":"product_cat","embeddable":true,"href":"https:\/\/bokaycreations.fr\/index.php\/wp-json\/wp\/v2\/product_cat?post=9870"},{"taxonomy":"product_tag","embeddable":true,"href":"https:\/\/bokaycreations.fr\/index.php\/wp-json\/wp\/v2\/product_tag?post=9870"}],"curies":[{"name":"wp","href":"https:\/\/api.w.org\/{rel}","templated":true}]}}